{"id":361513,"date":"2020-07-21T03:04:47","date_gmt":"2020-07-21T07:04:47","guid":{"rendered":"https:\/\/kabuconnect.com\/principios-de-la-comunidad\/"},"modified":"2024-02-16T14:30:48","modified_gmt":"2024-02-16T19:30:48","slug":"community-guidelines","status":"publish","type":"page","link":"https:\/\/kabuconnect.com\/es\/community-guidelines\/","title":{"rendered":"Principios de la Comunidad"},"content":{"rendered":"<p>La misi\u00f3n de KabU es proporcionar acceso universal a la ciencia de la conexi\u00f3n. Nuestra comunidad global crece cada d\u00eda y nos esforzamos por dar la bienvenida a la gente a un entorno de desarrollo y transferencia adecuada de la sabidur\u00eda a nuestros alumnos, as\u00ed como la libertad de discusi\u00f3n, ideas, expresi\u00f3n y opini\u00f3n. Tambi\u00e9n queremos asegurarnos de que todos nuestros alumnos e instructores se sientan seguros y c\u00f3modos en nuestro entorno. Hemos redactado estas directrices para asegurarnos de que la gente entienda y siga las normas cuando participe en nuestra comunidad en l\u00ednea y utilice nuestros servicios.<\/p>\n<p>Aunque no controlamos ni supervisamos de forma rutinaria el contenido proporcionado por los usuarios, podemos eliminar o editar el contenido inapropiado o la actividad que se nos comunique, o suspender, desactivar o cancelar el acceso de un usuario a todos o parte de los Servicios. Esto se hace con el fin de garantizar que el entorno de KabU est\u00e9 libre de contenido abusivo o destructivo que no conduzca al entorno de aprendizaje que nos esforzamos por crear.<\/p>\n<p>Por favor, tenga en cuenta lo siguiente:<\/p>\n<ul>\n<li>Podemos tomar medidas en cualquier momento si algo viola las Normas de la Comunidad descritas aqu\u00ed.<\/li>\n<li>Podemos pedir a los usuarios de KabU que desistan de publicar contenidos crueles e insensibles, incluso si dichos contenidos no violan directamente nuestras pol\u00edticas.<\/li>\n<li>Nuestro equipo de revisi\u00f3n notificar\u00e1 al usuario de KabU despu\u00e9s de recibir una queja que haya demostrado infringir nuestros t\u00e9rminos o de descubrir el contenido infractor por s\u00ed mismo que aparezca en un hilo o post de discusi\u00f3n.<\/li>\n<li>Las consecuencias por violar nuestras Normas de la Comunidad var\u00edan dependiendo de la gravedad de la violaci\u00f3n y del historial de la persona en KabU. Por ejemplo, podemos advertir a alguien por una primera violaci\u00f3n, pero si seguimos viendo m\u00e1s violaciones podemos restringir la capacidad de una persona para publicar en KabU o prohibir a la persona indefinidamente.<\/li>\n<li>No todo el contenido desagradable o perturbador viola nuestras Normas de la Comunidad. Por esta raz\u00f3n, hemos proporcionado categor\u00edas de tipos de contenido infractor.<\/li>\n<\/ul>\n<h2>1. Discurso de odio<\/h2>\n<p>KabU proh\u00edbe y elimina el discurso de odio, que incluye contenido que ataca directamente a las personas bas\u00e1ndose en su:<\/p>\n<p>Raza<br \/>\nOrigen \u00e9tnico<br \/>\nOrigen nacional<br \/>\nAfiliaci\u00f3n religiosa<br \/>\nOrientaci\u00f3n sexual<br \/>\nSexo, g\u00e9nero o identidad de g\u00e9nero<br \/>\nDiscapacidades o enfermedades<br \/>\nO cualquier otro motivo de incitaci\u00f3n al odio<br \/>\nNo se permite la presencia en KabU de personas que se dediquen a promover el odio contra estos grupos protegidos u otros.<\/p>\n<h2>2. Calumnia<\/h2>\n<p>KabU elimina el discurso calumnioso, que incluye una tergiversaci\u00f3n de las personas, instituciones u organizaciones que tienen intencionalmente o no la capacidad de causar da\u00f1o.<\/p>\n<p>La calumnia se determina por la acci\u00f3n de hacer una declaraci\u00f3n falsa que no est\u00e1 basada en hechos y es perjudicial para la reputaci\u00f3n de una persona u organizaci\u00f3n.<\/p>\n<h2>3. Pol\u00edtica de uso aceptable<\/h2>\n<p>Est\u00e1 prohibido utilizar KabU para compartir contenidos o ideas que:<\/p>\n<p>Contengan contenidos ilegales o promuevan actividades ilegales con la intenci\u00f3n de cometerlas.<br \/>\nContenga amenazas cre\u00edbles u organice actos de violencia en el mundo real. No permitimos contenidos que creen un riesgo real de lesiones f\u00edsicas o da\u00f1os a la propiedad, que amenacen de forma cre\u00edble a personas o a la seguridad p\u00fablica, o que organicen o fomenten el da\u00f1o.<br \/>\nAcoso a otros. Fomentamos los comentarios sobre personas y asuntos de inter\u00e9s p\u00fablico, pero no se permiten los contenidos abusivos o inapropiados dirigidos a particulares.<br \/>\nViola la propiedad intelectual, la privacidad u otros derechos. No comparta contenidos que no tenga derecho a compartir, no reivindique como propios contenidos que no haya creado ni infrinja o se apropie indebidamente de la propiedad intelectual u otros derechos de terceros. Atribuye siempre los materiales utilizados o citados por ti al propietario original de los derechos de autor.<br \/>\nSpam a otros. No compartas contenido publicitario, promocional o de solicitud irrelevante o inapropiado.<br \/>\nDe lo contrario, infringe las Condiciones de uso de KabU.<br \/>\nTampoco est\u00e1 permitido<\/p>\n<p>Hacer nada que viole la ley local, estatal, nacional o internacional o incumpla cualquiera de tus obligaciones contractuales o deberes fiduciarios.<br \/>\nCompartir su contrase\u00f1a, permitir que nadie acceda a su cuenta, o hacer cualquier cosa que pueda poner su cuenta en riesgo.<br \/>\nIntentar acceder a la cuenta de cualquier otro usuario.<br \/>\nReproducir, transferir, vender, revender o hacer mal uso de cualquier contenido de nuestros Servicios, a menos que est\u00e9 espec\u00edficamente autorizado para ello.<br \/>\nAcceder, manipular o utilizar \u00e1reas no p\u00fablicas de nuestros sistemas, a menos que est\u00e9 espec\u00edficamente autorizado para ello.<br \/>\nRomper o eludir nuestras medidas de autenticaci\u00f3n o seguridad, o poner a prueba la vulnerabilidad de nuestros sistemas o redes, a menos que est\u00e9 espec\u00edficamente autorizado para ello.<br \/>\nIntentar aplicar ingenier\u00eda inversa a cualquier parte de nuestros Servicios.<br \/>\nIntentar interferir con cualquier usuario, host o red, por ejemplo, mediante el env\u00edo de virus, sobrecarga, spam o bombardeo de correo.<br \/>\nUtilizar cualquier informaci\u00f3n sobre los estudiantes de KabU fuera de la plataforma de KabU.<br \/>\nUtilizar nuestros Servicios para distribuir malware.<br \/>\nSuplantar o tergiversar su afiliaci\u00f3n con cualquier persona o entidad.<br \/>\nAlentar o ayudar a alguien a hacer cualquiera de las cosas en esta lista.<\/p>\n<h2>4. Compartir materiales de fuentes externas<\/h2>\n<p>Para respetar y fomentar el avance de nuestros estudiantes, nuestra pol\u00edtica es que a los estudiantes se les garantice encontrar s\u00f3lo materiales aut\u00e9nticos de Cabal\u00e1 de fuentes cabal\u00edsticas aut\u00e9nticas en el sitio web de KabU. Las fuentes aut\u00e9nticas para uso dentro de KabU son principalmente aquellas escritas por Baal HaSulam, Rabash, Dr. Laitman, Rav Kook, y cabalistas adicionales y fuentes mencionadas en sus escritos. KabU considera que los escritos de estos cabalistas comprenden los m\u00e1s relevantes para el avance en nuestro tiempo. Esto est\u00e1 de acuerdo con nuestra intenci\u00f3n de que el entorno de la KabU sea un lugar donde los estudiantes puedan acceder y poner en pr\u00e1ctica un enfoque \u00f3ptimo y racionalizado para el logro de los mundos espirituales y la suposici\u00f3n de que s\u00f3lo aquellos que ya han recorrido el camino que conduce desde nuestro mundo a trav\u00e9s de la barrera hacia el Mundo Superior son aptos para definir para los dem\u00e1s lo que pertenece a ese camino. Por lo tanto, pedimos amablemente a los estudiantes que no publiquen ning\u00fan material externo, por relevante, \u00fatil o compatible con nuestro enfoque que pueda parecer. Los estudiantes son bienvenidos a compartir medios, art\u00edculos, citas, etc. que hayan sido publicados en alguno de los canales de Bnei Baruch (Facebook, Youtube, Twitter, el sitio web Cabal\u00e1.info, etc.). Se garantiza que los materiales de los sitios de Bnei Baruj son aut\u00e9nticos y provienen o se basan en el trabajo de verdaderos cabalistas que han alcanzado los mundos espirituales.<\/p>\n<p>Por supuesto, respetamos sinceramente la libertad de cada estudiante para explorar y compartir otros enfoques cuando est\u00e1n fuera de la plataforma de KabU.<\/p>\n","protected":false},"excerpt":{"rendered":"<p>La misi\u00f3n de KabU es proporcionar acceso universal a la ciencia de la conexi\u00f3n. Nuestra comunidad global crece cada d\u00eda y nos esforzamos por dar la bienvenida a la gente a un entorno de desarrollo y transferencia adecuada de la sabidur\u00eda a nuestros alumnos, as\u00ed como la libertad de discusi\u00f3n, ideas, expresi\u00f3n y opini\u00f3n. Tambi\u00e9n queremos asegurarnos de que todos nuestros alumnos e instructores se sientan seguros y c\u00f3modos en nuestro entorno. Hemos redactado estas directrices para asegurarnos de que la gente entienda y siga las normas cuando participe en nuestra comunidad en l\u00ednea y utilice nuestros servicios.<\/p>\n","protected":false},"author":79,"featured_media":0,"parent":0,"menu_order":0,"comment_status":"closed","ping_status":"closed","template":"template-terms-privacy.php","meta":{"_bbp_topic_count":0,"_bbp_reply_count":0,"_bbp_total_topic_count":0,"_bbp_total_reply_count":0,"_bbp_voice_count":0,"_bbp_anonymous_reply_count":0,"_bbp_topic_count_hidden":0,"_bbp_reply_count_hidden":0,"_bbp_forum_subforum_count":0,"inline_featured_image":false,"footnotes":""},"class_list":["post-361513","page","type-page","status-publish","hentry"],"acf":[],"yoast_head":"<!-- This site is optimized with the Yoast SEO plugin v25.8 - https:\/\/yoast.com\/wordpress\/plugins\/seo\/ -->\n<title>Principios de la Comunidad - KabU<\/title>\n<meta name=\"description\" content=\"La misi\u00f3n de KabU es brindar acceso universal a la ciencia de la conexi\u00f3n.\" \/>\n<meta name=\"robots\" content=\"index, follow, max-snippet:-1, max-image-preview:large, max-video-preview:-1\" \/>\n<link rel=\"canonical\" href=\"https:\/\/kabuconnect.com\/es\/community-guidelines\/\" \/>\n<meta property=\"og:locale\" content=\"es_ES\" \/>\n<meta property=\"og:type\" content=\"article\" \/>\n<meta property=\"og:title\" content=\"Principios de la Comunidad - KabU\" \/>\n<meta property=\"og:description\" content=\"La misi\u00f3n de KabU es brindar acceso universal a la ciencia de la conexi\u00f3n.\" \/>\n<meta property=\"og:url\" content=\"https:\/\/kabuconnect.com\/es\/community-guidelines\/\" \/>\n<meta property=\"og:site_name\" content=\"KabU\" \/>\n<meta property=\"article:modified_time\" content=\"2024-02-16T19:30:48+00:00\" \/>\n<meta name=\"twitter:card\" content=\"summary_large_image\" \/>\n<meta name=\"twitter:label1\" content=\"Est. reading time\" \/>\n\t<meta name=\"twitter:data1\" content=\"5 minutes\" \/>\n<!-- \/ Yoast SEO plugin. -->","yoast_head_json":{"title":"Principios de la Comunidad - KabU","description":"La misi\u00f3n de KabU es brindar acceso universal a la ciencia de la conexi\u00f3n.","robots":{"index":"index","follow":"follow","max-snippet":"max-snippet:-1","max-image-preview":"max-image-preview:large","max-video-preview":"max-video-preview:-1"},"canonical":"https:\/\/kabuconnect.com\/es\/community-guidelines\/","og_locale":"es_ES","og_type":"article","og_title":"Principios de la Comunidad - KabU","og_description":"La misi\u00f3n de KabU es brindar acceso universal a la ciencia de la conexi\u00f3n.","og_url":"https:\/\/kabuconnect.com\/es\/community-guidelines\/","og_site_name":"KabU","article_modified_time":"2024-02-16T19:30:48+00:00","twitter_card":"summary_large_image","twitter_misc":{"Est. reading time":"5 minutes"},"schema":{"@context":"https:\/\/schema.org","@graph":[{"@type":"WebPage","@id":"https:\/\/kabuconnect.com\/es\/community-guidelines\/","url":"https:\/\/kabuconnect.com\/es\/community-guidelines\/","name":"Principios de la Comunidad - KabU","isPartOf":{"@id":"https:\/\/kabuconnect.com\/#website"},"datePublished":"2020-07-21T07:04:47+00:00","dateModified":"2024-02-16T19:30:48+00:00","description":"La misi\u00f3n de KabU es brindar acceso universal a la ciencia de la conexi\u00f3n.","breadcrumb":{"@id":"https:\/\/kabuconnect.com\/es\/community-guidelines\/#breadcrumb"},"inLanguage":"es-ES","potentialAction":[{"@type":"ReadAction","target":["https:\/\/kabuconnect.com\/es\/community-guidelines\/"]}]},{"@type":"BreadcrumbList","@id":"https:\/\/kabuconnect.com\/es\/community-guidelines\/#breadcrumb","itemListElement":[{"@type":"ListItem","position":1,"name":"Home","item":"https:\/\/kabuconnect.com\/es\/"},{"@type":"ListItem","position":2,"name":"Principios de la Comunidad"}]},{"@type":"WebSite","@id":"https:\/\/kabuconnect.com\/#website","url":"https:\/\/kabuconnect.com\/","name":"KabU","description":"The Science of Everything","publisher":{"@id":"https:\/\/kabuconnect.com\/#organization"},"potentialAction":[{"@type":"SearchAction","target":{"@type":"EntryPoint","urlTemplate":"https:\/\/kabuconnect.com\/?s={search_term_string}"},"query-input":{"@type":"PropertyValueSpecification","valueRequired":true,"valueName":"search_term_string"}}],"inLanguage":"es-ES"},{"@type":"Organization","@id":"https:\/\/kabuconnect.com\/#organization","name":"KabU","url":"https:\/\/kabuconnect.com\/","logo":{"@type":"ImageObject","inLanguage":"es-ES","@id":"https:\/\/kabuconnect.com\/#\/schema\/logo\/image\/","url":"https:\/\/kabuconnect.com\/app\/uploads\/2021\/08\/kabu_logo_dt_01.png","contentUrl":"https:\/\/kabuconnect.com\/app\/uploads\/2021\/08\/kabu_logo_dt_01.png","width":489,"height":192,"caption":"KabU"},"image":{"@id":"https:\/\/kabuconnect.com\/#\/schema\/logo\/image\/"}}]}},"_links":{"self":[{"href":"https:\/\/kabuconnect.com\/es\/wp-json\/wp\/v2\/pages\/361513","targetHints":{"allow":["GET"]}}],"collection":[{"href":"https:\/\/kabuconnect.com\/es\/wp-json\/wp\/v2\/pages"}],"about":[{"href":"https:\/\/kabuconnect.com\/es\/wp-json\/wp\/v2\/types\/page"}],"author":[{"embeddable":true,"href":"https:\/\/kabuconnect.com\/es\/wp-json\/wp\/v2\/users\/79"}],"replies":[{"embeddable":true,"href":"https:\/\/kabuconnect.com\/es\/wp-json\/wp\/v2\/comments?post=361513"}],"version-history":[{"count":3,"href":"https:\/\/kabuconnect.com\/es\/wp-json\/wp\/v2\/pages\/361513\/revisions"}],"predecessor-version":[{"id":361681,"href":"https:\/\/kabuconnect.com\/es\/wp-json\/wp\/v2\/pages\/361513\/revisions\/361681"}],"wp:attachment":[{"href":"https:\/\/kabuconnect.com\/es\/wp-json\/wp\/v2\/media?parent=361513"}],"curies":[{"name":"wp","href":"https:\/\/api.w.org\/{rel}","templated":true}]}}