{"id":363640,"date":"2020-08-24T20:42:00","date_gmt":"2020-08-25T00:42:00","guid":{"rendered":"https:\/\/kabuconnect.com\/?page_id=363640"},"modified":"2024-03-06T11:21:38","modified_gmt":"2024-03-06T16:21:38","slug":"administrar-filtros-de-spam-para-obtener-correos-electronicos-legitimos","status":"publish","type":"page","link":"https:\/\/kabuconnect.com\/es\/administrar-filtros-de-spam-para-obtener-correos-electronicos-legitimos\/","title":{"rendered":"Administrar filtros de spam para obtener correos electr\u00f3nicos leg\u00edtimos"},"content":{"rendered":"\t\t<div data-elementor-type=\"wp-page\" data-elementor-id=\"363640\" class=\"elementor elementor-363640 elementor-35132\" data-elementor-post-type=\"page\">\n\t\t\t\t\t\t<section class=\"elementor-section elementor-top-section elementor-element elementor-element-c67daa5 elementor-section-boxed elementor-section-height-default elementor-section-height-default\" data-id=\"c67daa5\" data-element_type=\"section\">\n\t\t\t\t\t\t<div class=\"elementor-container elementor-column-gap-default\">\n\t\t\t\t\t<div class=\"elementor-column elementor-col-100 elementor-top-column elementor-element elementor-element-5fb6397\" data-id=\"5fb6397\" data-element_type=\"column\">\n\t\t\t<div class=\"elementor-widget-wrap elementor-element-populated\">\n\t\t\t\t\t\t<div class=\"elementor-element elementor-element-dd9ba08 elementor-widget elementor-widget-spacer\" data-id=\"dd9ba08\" data-element_type=\"widget\" data-widget_type=\"spacer.default\">\n\t\t\t\t<div class=\"elementor-widget-container\">\n\t\t\t\t\t\t\t<div class=\"elementor-spacer\">\n\t\t\t<div class=\"elementor-spacer-inner\"><\/div>\n\t\t<\/div>\n\t\t\t\t\t\t<\/div>\n\t\t\t\t<\/div>\n\t\t\t\t\t<\/div>\n\t\t<\/div>\n\t\t\t\t\t<\/div>\n\t\t<\/section>\n\t\t\t\t<section class=\"elementor-section elementor-top-section elementor-element elementor-element-3365e4d elementor-section-height-min-height elementor-section-boxed elementor-section-height-default elementor-section-items-middle\" data-id=\"3365e4d\" data-element_type=\"section\">\n\t\t\t\t\t\t<div class=\"elementor-container elementor-column-gap-default\">\n\t\t\t\t\t<div class=\"elementor-column elementor-col-16 elementor-top-column elementor-element elementor-element-53a1184\" data-id=\"53a1184\" data-element_type=\"column\">\n\t\t\t<div class=\"elementor-widget-wrap\">\n\t\t\t\t\t\t\t<\/div>\n\t\t<\/div>\n\t\t\t\t<div class=\"elementor-column elementor-col-66 elementor-top-column elementor-element elementor-element-cfd9715\" data-id=\"cfd9715\" data-element_type=\"column\">\n\t\t\t<div class=\"elementor-widget-wrap elementor-element-populated\">\n\t\t\t\t\t\t\t<\/div>\n\t\t<\/div>\n\t\t\t\t<div class=\"elementor-column elementor-col-16 elementor-top-column elementor-element elementor-element-22b6817\" data-id=\"22b6817\" data-element_type=\"column\">\n\t\t\t<div class=\"elementor-widget-wrap\">\n\t\t\t\t\t\t\t<\/div>\n\t\t<\/div>\n\t\t\t\t\t<\/div>\n\t\t<\/section>\n\t\t\t\t<section class=\"elementor-section elementor-top-section elementor-element elementor-element-e4c3f2c elementor-section-boxed elementor-section-height-default elementor-section-height-default\" data-id=\"e4c3f2c\" data-element_type=\"section\">\n\t\t\t\t\t\t<div class=\"elementor-container elementor-column-gap-default\">\n\t\t\t\t\t<div class=\"elementor-column elementor-col-25 elementor-top-column elementor-element elementor-element-33313db\" data-id=\"33313db\" data-element_type=\"column\">\n\t\t\t<div class=\"elementor-widget-wrap\">\n\t\t\t\t\t\t\t<\/div>\n\t\t<\/div>\n\t\t\t\t<div class=\"elementor-column elementor-col-50 elementor-top-column elementor-element elementor-element-1496c78\" data-id=\"1496c78\" data-element_type=\"column\">\n\t\t\t<div class=\"elementor-widget-wrap elementor-element-populated\">\n\t\t\t\t\t\t\t<\/div>\n\t\t<\/div>\n\t\t\t\t<div class=\"elementor-column elementor-col-25 elementor-top-column elementor-element elementor-element-2116fa0\" data-id=\"2116fa0\" data-element_type=\"column\">\n\t\t\t<div class=\"elementor-widget-wrap\">\n\t\t\t\t\t\t\t<\/div>\n\t\t<\/div>\n\t\t\t\t\t<\/div>\n\t\t<\/section>\n\t\t\t\t<section class=\"elementor-section elementor-top-section elementor-element elementor-element-a3edca4 elementor-section-height-min-height elementor-section-boxed elementor-section-height-default elementor-section-items-middle\" data-id=\"a3edca4\" data-element_type=\"section\" id=\"gmail\">\n\t\t\t\t\t\t<div class=\"elementor-container elementor-column-gap-default\">\n\t\t\t\t\t<div class=\"elementor-column elementor-col-16 elementor-top-column elementor-element elementor-element-ba30647\" data-id=\"ba30647\" data-element_type=\"column\">\n\t\t\t<div class=\"elementor-widget-wrap\">\n\t\t\t\t\t\t\t<\/div>\n\t\t<\/div>\n\t\t\t\t<div class=\"elementor-column elementor-col-66 elementor-top-column elementor-element elementor-element-17abcc1\" data-id=\"17abcc1\" data-element_type=\"column\">\n\t\t\t<div class=\"elementor-widget-wrap elementor-element-populated\">\n\t\t\t\t\t\t<div class=\"elementor-element elementor-element-09ef4ce elementor-widget elementor-widget-image\" data-id=\"09ef4ce\" data-element_type=\"widget\" data-widget_type=\"image.default\">\n\t\t\t\t<div class=\"elementor-widget-container\">\n\t\t\t\t\t\t\t\t\t\t\t\t\t\t\t<img decoding=\"async\" width=\"300\" height=\"106\" src=\"https:\/\/kabuconnect.com\/app\/uploads\/2020\/08\/logo-gmail-2-300x106.png\" class=\"attachment-medium size-medium wp-image-340462\" alt=\"\" srcset=\"https:\/\/kabuconnect.com\/app\/uploads\/2020\/08\/logo-gmail-2-300x106.png 300w, https:\/\/kabuconnect.com\/app\/uploads\/2020\/08\/logo-gmail-2-400x142.png 400w, https:\/\/kabuconnect.com\/app\/uploads\/2020\/08\/logo-gmail-2-600x213.png 600w, https:\/\/kabuconnect.com\/app\/uploads\/2020\/08\/logo-gmail-2.png 612w\" sizes=\"(max-width: 300px) 100vw, 300px\" \/>\t\t\t\t\t\t\t\t\t\t\t\t\t\t\t<\/div>\n\t\t\t\t<\/div>\n\t\t\t\t<div class=\"elementor-element elementor-element-270534f elementor-widget elementor-widget-spacer\" data-id=\"270534f\" data-element_type=\"widget\" id=\"gmail-1\" data-widget_type=\"spacer.default\">\n\t\t\t\t<div class=\"elementor-widget-container\">\n\t\t\t\t\t\t\t<div class=\"elementor-spacer\">\n\t\t\t<div class=\"elementor-spacer-inner\"><\/div>\n\t\t<\/div>\n\t\t\t\t\t\t<\/div>\n\t\t\t\t<\/div>\n\t\t\t\t<div class=\"elementor-element elementor-element-13067ef elementor-widget elementor-widget-spacer\" data-id=\"13067ef\" data-element_type=\"widget\" id=\"gmail-2\" data-widget_type=\"spacer.default\">\n\t\t\t\t<div class=\"elementor-widget-container\">\n\t\t\t\t\t\t\t<div class=\"elementor-spacer\">\n\t\t\t<div class=\"elementor-spacer-inner\"><\/div>\n\t\t<\/div>\n\t\t\t\t\t\t<\/div>\n\t\t\t\t<\/div>\n\t\t\t\t<div class=\"elementor-element elementor-element-65bf3f2 elementor-widget elementor-widget-spacer\" data-id=\"65bf3f2\" data-element_type=\"widget\" id=\"gmail-3\" data-widget_type=\"spacer.default\">\n\t\t\t\t<div class=\"elementor-widget-container\">\n\t\t\t\t\t\t\t<div class=\"elementor-spacer\">\n\t\t\t<div class=\"elementor-spacer-inner\"><\/div>\n\t\t<\/div>\n\t\t\t\t\t\t<\/div>\n\t\t\t\t<\/div>\n\t\t\t\t<div class=\"elementor-element elementor-element-d66cd2d elementor-widget elementor-widget-spacer\" data-id=\"d66cd2d\" data-element_type=\"widget\" id=\"gmail-tips\" data-widget_type=\"spacer.default\">\n\t\t\t\t<div class=\"elementor-widget-container\">\n\t\t\t\t\t\t\t<div class=\"elementor-spacer\">\n\t\t\t<div class=\"elementor-spacer-inner\"><\/div>\n\t\t<\/div>\n\t\t\t\t\t\t<\/div>\n\t\t\t\t<\/div>\n\t\t\t\t\t<\/div>\n\t\t<\/div>\n\t\t\t\t<div class=\"elementor-column elementor-col-16 elementor-top-column elementor-element elementor-element-ba5790d\" data-id=\"ba5790d\" data-element_type=\"column\">\n\t\t\t<div class=\"elementor-widget-wrap\">\n\t\t\t\t\t\t\t<\/div>\n\t\t<\/div>\n\t\t\t\t\t<\/div>\n\t\t<\/section>\n\t\t\t\t<section class=\"elementor-section elementor-top-section elementor-element elementor-element-fb852ed elementor-section-height-min-height elementor-section-boxed elementor-section-height-default elementor-section-items-middle\" data-id=\"fb852ed\" data-element_type=\"section\" id=\"outlook\">\n\t\t\t\t\t\t<div class=\"elementor-container elementor-column-gap-default\">\n\t\t\t\t\t<div class=\"elementor-column elementor-col-16 elementor-top-column elementor-element elementor-element-f0462e9\" data-id=\"f0462e9\" data-element_type=\"column\">\n\t\t\t<div class=\"elementor-widget-wrap\">\n\t\t\t\t\t\t\t<\/div>\n\t\t<\/div>\n\t\t\t\t<div class=\"elementor-column elementor-col-66 elementor-top-column elementor-element elementor-element-f8b5abe\" data-id=\"f8b5abe\" data-element_type=\"column\">\n\t\t\t<div class=\"elementor-widget-wrap elementor-element-populated\">\n\t\t\t\t\t\t<div class=\"elementor-element elementor-element-dc422a8 elementor-widget elementor-widget-image\" data-id=\"dc422a8\" data-element_type=\"widget\" data-widget_type=\"image.default\">\n\t\t\t\t<div class=\"elementor-widget-container\">\n\t\t\t\t\t\t\t\t\t\t\t\t\t\t\t<img decoding=\"async\" width=\"300\" height=\"88\" src=\"https:\/\/kabuconnect.com\/app\/uploads\/2020\/08\/logo-outlook-2-300x88.png\" class=\"attachment-medium size-medium wp-image-340463\" alt=\"\" srcset=\"https:\/\/kabuconnect.com\/app\/uploads\/2020\/08\/logo-outlook-2-300x88.png 300w, https:\/\/kabuconnect.com\/app\/uploads\/2020\/08\/logo-outlook-2-768x225.png 768w, https:\/\/kabuconnect.com\/app\/uploads\/2020\/08\/logo-outlook-2-400x117.png 400w, https:\/\/kabuconnect.com\/app\/uploads\/2020\/08\/logo-outlook-2-600x176.png 600w, https:\/\/kabuconnect.com\/app\/uploads\/2020\/08\/logo-outlook-2.png 806w\" sizes=\"(max-width: 300px) 100vw, 300px\" \/>\t\t\t\t\t\t\t\t\t\t\t\t\t\t\t<\/div>\n\t\t\t\t<\/div>\n\t\t\t\t<div class=\"elementor-element elementor-element-08e95d0 elementor-widget elementor-widget-spacer\" data-id=\"08e95d0\" data-element_type=\"widget\" id=\"outlook-1\" data-widget_type=\"spacer.default\">\n\t\t\t\t<div class=\"elementor-widget-container\">\n\t\t\t\t\t\t\t<div class=\"elementor-spacer\">\n\t\t\t<div class=\"elementor-spacer-inner\"><\/div>\n\t\t<\/div>\n\t\t\t\t\t\t<\/div>\n\t\t\t\t<\/div>\n\t\t\t\t<div class=\"elementor-element elementor-element-4e94c1a elementor-widget elementor-widget-spacer\" data-id=\"4e94c1a\" data-element_type=\"widget\" id=\"outlook-2\" data-widget_type=\"spacer.default\">\n\t\t\t\t<div class=\"elementor-widget-container\">\n\t\t\t\t\t\t\t<div class=\"elementor-spacer\">\n\t\t\t<div class=\"elementor-spacer-inner\"><\/div>\n\t\t<\/div>\n\t\t\t\t\t\t<\/div>\n\t\t\t\t<\/div>\n\t\t\t\t<div class=\"elementor-element elementor-element-5ed9b88 elementor-widget elementor-widget-spacer\" data-id=\"5ed9b88\" data-element_type=\"widget\" id=\"outlook-support\" data-widget_type=\"spacer.default\">\n\t\t\t\t<div class=\"elementor-widget-container\">\n\t\t\t\t\t\t\t<div class=\"elementor-spacer\">\n\t\t\t<div class=\"elementor-spacer-inner\"><\/div>\n\t\t<\/div>\n\t\t\t\t\t\t<\/div>\n\t\t\t\t<\/div>\n\t\t\t\t\t<\/div>\n\t\t<\/div>\n\t\t\t\t<div class=\"elementor-column elementor-col-16 elementor-top-column elementor-element elementor-element-a21a881\" data-id=\"a21a881\" data-element_type=\"column\">\n\t\t\t<div class=\"elementor-widget-wrap\">\n\t\t\t\t\t\t\t<\/div>\n\t\t<\/div>\n\t\t\t\t\t<\/div>\n\t\t<\/section>\n\t\t\t\t<section class=\"elementor-section elementor-top-section elementor-element elementor-element-b0f2994 elementor-section-height-min-height elementor-section-boxed elementor-section-height-default elementor-section-items-middle\" data-id=\"b0f2994\" data-element_type=\"section\" id=\"yahoo\">\n\t\t\t\t\t\t<div class=\"elementor-container elementor-column-gap-default\">\n\t\t\t\t\t<div class=\"elementor-column elementor-col-16 elementor-top-column elementor-element elementor-element-ca437bc\" data-id=\"ca437bc\" data-element_type=\"column\">\n\t\t\t<div class=\"elementor-widget-wrap\">\n\t\t\t\t\t\t\t<\/div>\n\t\t<\/div>\n\t\t\t\t<div class=\"elementor-column elementor-col-66 elementor-top-column elementor-element elementor-element-71fda21\" data-id=\"71fda21\" data-element_type=\"column\">\n\t\t\t<div class=\"elementor-widget-wrap elementor-element-populated\">\n\t\t\t\t\t\t<div class=\"elementor-element elementor-element-0f50523 elementor-widget elementor-widget-image\" data-id=\"0f50523\" data-element_type=\"widget\" data-widget_type=\"image.default\">\n\t\t\t\t<div class=\"elementor-widget-container\">\n\t\t\t\t\t\t\t\t\t\t\t\t\t\t\t<img decoding=\"async\" width=\"300\" height=\"89\" src=\"https:\/\/kabuconnect.com\/app\/uploads\/2020\/08\/logo-yahoo-2-300x89.png\" class=\"attachment-medium size-medium wp-image-340461\" alt=\"\" srcset=\"https:\/\/kabuconnect.com\/app\/uploads\/2020\/08\/logo-yahoo-2-300x89.png 300w, https:\/\/kabuconnect.com\/app\/uploads\/2020\/08\/logo-yahoo-2-400x119.png 400w, https:\/\/kabuconnect.com\/app\/uploads\/2020\/08\/logo-yahoo-2-600x178.png 600w, https:\/\/kabuconnect.com\/app\/uploads\/2020\/08\/logo-yahoo-2.png 612w\" sizes=\"(max-width: 300px) 100vw, 300px\" \/>\t\t\t\t\t\t\t\t\t\t\t\t\t\t\t<\/div>\n\t\t\t\t<\/div>\n\t\t\t\t<div class=\"elementor-element elementor-element-b546a64 elementor-widget elementor-widget-spacer\" data-id=\"b546a64\" data-element_type=\"widget\" id=\"yahoo-1\" data-widget_type=\"spacer.default\">\n\t\t\t\t<div class=\"elementor-widget-container\">\n\t\t\t\t\t\t\t<div class=\"elementor-spacer\">\n\t\t\t<div class=\"elementor-spacer-inner\"><\/div>\n\t\t<\/div>\n\t\t\t\t\t\t<\/div>\n\t\t\t\t<\/div>\n\t\t\t\t<div class=\"elementor-element elementor-element-b4358a4 elementor-widget elementor-widget-spacer\" data-id=\"b4358a4\" data-element_type=\"widget\" id=\"yahoo-2\" data-widget_type=\"spacer.default\">\n\t\t\t\t<div class=\"elementor-widget-container\">\n\t\t\t\t\t\t\t<div class=\"elementor-spacer\">\n\t\t\t<div class=\"elementor-spacer-inner\"><\/div>\n\t\t<\/div>\n\t\t\t\t\t\t<\/div>\n\t\t\t\t<\/div>\n\t\t\t\t<div class=\"elementor-element elementor-element-0c5b5f1 elementor-widget elementor-widget-spacer\" data-id=\"0c5b5f1\" data-element_type=\"widget\" id=\"yahoo-3\" data-widget_type=\"spacer.default\">\n\t\t\t\t<div class=\"elementor-widget-container\">\n\t\t\t\t\t\t\t<div class=\"elementor-spacer\">\n\t\t\t<div class=\"elementor-spacer-inner\"><\/div>\n\t\t<\/div>\n\t\t\t\t\t\t<\/div>\n\t\t\t\t<\/div>\n\t\t\t\t<div class=\"elementor-element elementor-element-4f73167 elementor-widget elementor-widget-spacer\" data-id=\"4f73167\" data-element_type=\"widget\" id=\"yahoo-tips\" data-widget_type=\"spacer.default\">\n\t\t\t\t<div class=\"elementor-widget-container\">\n\t\t\t\t\t\t\t<div class=\"elementor-spacer\">\n\t\t\t<div class=\"elementor-spacer-inner\"><\/div>\n\t\t<\/div>\n\t\t\t\t\t\t<\/div>\n\t\t\t\t<\/div>\n\t\t\t\t<div class=\"elementor-element elementor-element-d048f09 elementor-widget elementor-widget-spacer\" data-id=\"d048f09\" data-element_type=\"widget\" id=\"yahoo-support\" data-widget_type=\"spacer.default\">\n\t\t\t\t<div class=\"elementor-widget-container\">\n\t\t\t\t\t\t\t<div class=\"elementor-spacer\">\n\t\t\t<div class=\"elementor-spacer-inner\"><\/div>\n\t\t<\/div>\n\t\t\t\t\t\t<\/div>\n\t\t\t\t<\/div>\n\t\t\t\t\t<\/div>\n\t\t<\/div>\n\t\t\t\t<div class=\"elementor-column elementor-col-16 elementor-top-column elementor-element elementor-element-9d7cd47\" data-id=\"9d7cd47\" data-element_type=\"column\">\n\t\t\t<div class=\"elementor-widget-wrap\">\n\t\t\t\t\t\t\t<\/div>\n\t\t<\/div>\n\t\t\t\t\t<\/div>\n\t\t<\/section>\n\t\t\t\t<\/div>\n\t\t","protected":false},"excerpt":{"rendered":"<p>Administrar filtros de spam para obtener correos electr\u00f3nicos leg\u00edtimos<\/p>\n","protected":false},"author":30165,"featured_media":0,"parent":0,"menu_order":0,"comment_status":"closed","ping_status":"closed","template":"","meta":{"_bbp_topic_count":0,"_bbp_reply_count":0,"_bbp_total_topic_count":0,"_bbp_total_reply_count":0,"_bbp_voice_count":0,"_bbp_anonymous_reply_count":0,"_bbp_topic_count_hidden":0,"_bbp_reply_count_hidden":0,"_bbp_forum_subforum_count":0,"inline_featured_image":false,"footnotes":""},"class_list":["post-363640","page","type-page","status-publish","hentry"],"acf":[],"yoast_head":"<!-- This site is optimized with the Yoast SEO plugin v25.8 - https:\/\/yoast.com\/wordpress\/plugins\/seo\/ -->\n<title>Administrar filtros de spam para obtener correos electr\u00f3nicos leg\u00edtimos - KabU<\/title>\n<meta name=\"robots\" content=\"index, follow, max-snippet:-1, max-image-preview:large, max-video-preview:-1\" \/>\n<link rel=\"canonical\" href=\"https:\/\/kabuconnect.com\/es\/administrar-filtros-de-spam-para-obtener-correos-electronicos-legitimos\/\" \/>\n<meta property=\"og:locale\" content=\"es_ES\" \/>\n<meta property=\"og:type\" content=\"article\" \/>\n<meta property=\"og:title\" content=\"Administrar filtros de spam para obtener correos electr\u00f3nicos leg\u00edtimos - KabU\" \/>\n<meta property=\"og:description\" content=\"Administrar filtros de spam para obtener correos electr\u00f3nicos leg\u00edtimos\" \/>\n<meta property=\"og:url\" content=\"https:\/\/kabuconnect.com\/es\/administrar-filtros-de-spam-para-obtener-correos-electronicos-legitimos\/\" \/>\n<meta property=\"og:site_name\" content=\"KabU\" \/>\n<meta property=\"article:modified_time\" content=\"2024-03-06T16:21:38+00:00\" \/>\n<meta property=\"og:image\" content=\"https:\/\/kabuconnect.com\/app\/uploads\/2020\/08\/logo-gmail-2-300x106.png\" \/>\n<meta name=\"twitter:card\" content=\"summary_large_image\" \/>\n<meta name=\"twitter:label1\" content=\"Est. reading time\" \/>\n\t<meta name=\"twitter:data1\" content=\"11 minutes\" \/>\n<!-- \/ Yoast SEO plugin. -->","yoast_head_json":{"title":"Administrar filtros de spam para obtener correos electr\u00f3nicos leg\u00edtimos - KabU","robots":{"index":"index","follow":"follow","max-snippet":"max-snippet:-1","max-image-preview":"max-image-preview:large","max-video-preview":"max-video-preview:-1"},"canonical":"https:\/\/kabuconnect.com\/es\/administrar-filtros-de-spam-para-obtener-correos-electronicos-legitimos\/","og_locale":"es_ES","og_type":"article","og_title":"Administrar filtros de spam para obtener correos electr\u00f3nicos leg\u00edtimos - KabU","og_description":"Administrar filtros de spam para obtener correos electr\u00f3nicos leg\u00edtimos","og_url":"https:\/\/kabuconnect.com\/es\/administrar-filtros-de-spam-para-obtener-correos-electronicos-legitimos\/","og_site_name":"KabU","article_modified_time":"2024-03-06T16:21:38+00:00","og_image":[{"url":"https:\/\/kabuconnect.com\/app\/uploads\/2020\/08\/logo-gmail-2-300x106.png","type":"","width":"","height":""}],"twitter_card":"summary_large_image","twitter_misc":{"Est. reading time":"11 minutes"},"schema":{"@context":"https:\/\/schema.org","@graph":[{"@type":"WebPage","@id":"https:\/\/kabuconnect.com\/es\/administrar-filtros-de-spam-para-obtener-correos-electronicos-legitimos\/","url":"https:\/\/kabuconnect.com\/es\/administrar-filtros-de-spam-para-obtener-correos-electronicos-legitimos\/","name":"Administrar filtros de spam para obtener correos electr\u00f3nicos leg\u00edtimos - KabU","isPartOf":{"@id":"https:\/\/kabuconnect.com\/#website"},"primaryImageOfPage":{"@id":"https:\/\/kabuconnect.com\/es\/administrar-filtros-de-spam-para-obtener-correos-electronicos-legitimos\/#primaryimage"},"image":{"@id":"https:\/\/kabuconnect.com\/es\/administrar-filtros-de-spam-para-obtener-correos-electronicos-legitimos\/#primaryimage"},"thumbnailUrl":"https:\/\/kabuconnect.com\/app\/uploads\/2020\/08\/logo-gmail-2-300x106.png","datePublished":"2020-08-25T00:42:00+00:00","dateModified":"2024-03-06T16:21:38+00:00","breadcrumb":{"@id":"https:\/\/kabuconnect.com\/es\/administrar-filtros-de-spam-para-obtener-correos-electronicos-legitimos\/#breadcrumb"},"inLanguage":"es-ES","potentialAction":[{"@type":"ReadAction","target":["https:\/\/kabuconnect.com\/es\/administrar-filtros-de-spam-para-obtener-correos-electronicos-legitimos\/"]}]},{"@type":"ImageObject","inLanguage":"es-ES","@id":"https:\/\/kabuconnect.com\/es\/administrar-filtros-de-spam-para-obtener-correos-electronicos-legitimos\/#primaryimage","url":"https:\/\/kabuconnect.com\/app\/uploads\/2020\/08\/logo-gmail-2-300x106.png","contentUrl":"https:\/\/kabuconnect.com\/app\/uploads\/2020\/08\/logo-gmail-2-300x106.png"},{"@type":"BreadcrumbList","@id":"https:\/\/kabuconnect.com\/es\/administrar-filtros-de-spam-para-obtener-correos-electronicos-legitimos\/#breadcrumb","itemListElement":[{"@type":"ListItem","position":1,"name":"Home","item":"https:\/\/kabuconnect.com\/es\/"},{"@type":"ListItem","position":2,"name":"Administrar filtros de spam para obtener correos electr\u00f3nicos leg\u00edtimos"}]},{"@type":"WebSite","@id":"https:\/\/kabuconnect.com\/#website","url":"https:\/\/kabuconnect.com\/","name":"KabU","description":"The Science of Everything","publisher":{"@id":"https:\/\/kabuconnect.com\/#organization"},"potentialAction":[{"@type":"SearchAction","target":{"@type":"EntryPoint","urlTemplate":"https:\/\/kabuconnect.com\/?s={search_term_string}"},"query-input":{"@type":"PropertyValueSpecification","valueRequired":true,"valueName":"search_term_string"}}],"inLanguage":"es-ES"},{"@type":"Organization","@id":"https:\/\/kabuconnect.com\/#organization","name":"KabU","url":"https:\/\/kabuconnect.com\/","logo":{"@type":"ImageObject","inLanguage":"es-ES","@id":"https:\/\/kabuconnect.com\/#\/schema\/logo\/image\/","url":"https:\/\/kabuconnect.com\/app\/uploads\/2021\/08\/kabu_logo_dt_01.png","contentUrl":"https:\/\/kabuconnect.com\/app\/uploads\/2021\/08\/kabu_logo_dt_01.png","width":489,"height":192,"caption":"KabU"},"image":{"@id":"https:\/\/kabuconnect.com\/#\/schema\/logo\/image\/"}}]}},"_links":{"self":[{"href":"https:\/\/kabuconnect.com\/es\/wp-json\/wp\/v2\/pages\/363640","targetHints":{"allow":["GET"]}}],"collection":[{"href":"https:\/\/kabuconnect.com\/es\/wp-json\/wp\/v2\/pages"}],"about":[{"href":"https:\/\/kabuconnect.com\/es\/wp-json\/wp\/v2\/types\/page"}],"author":[{"embeddable":true,"href":"https:\/\/kabuconnect.com\/es\/wp-json\/wp\/v2\/users\/30165"}],"replies":[{"embeddable":true,"href":"https:\/\/kabuconnect.com\/es\/wp-json\/wp\/v2\/comments?post=363640"}],"version-history":[{"count":10,"href":"https:\/\/kabuconnect.com\/es\/wp-json\/wp\/v2\/pages\/363640\/revisions"}],"predecessor-version":[{"id":363650,"href":"https:\/\/kabuconnect.com\/es\/wp-json\/wp\/v2\/pages\/363640\/revisions\/363650"}],"wp:attachment":[{"href":"https:\/\/kabuconnect.com\/es\/wp-json\/wp\/v2\/media?parent=363640"}],"curies":[{"name":"wp","href":"https:\/\/api.w.org\/{rel}","templated":true}]}}